{"id":175,"date":"2019-03-25T17:26:09","date_gmt":"2019-03-25T16:26:09","guid":{"rendered":"http:\/\/www.spiritual-research.eu\/?page_id=175"},"modified":"2026-01-19T20:52:06","modified_gmt":"2026-01-19T19:52:06","slug":"frank-burdich","status":"publish","type":"page","link":"http:\/\/www.spiritual-research.eu\/ru\/frank-burdich\/","title":{"rendered":"\u0424\u0440\u0430\u043d\u043a \u0411\u0443\u0440\u0434\u0438\u0445"},"content":{"rendered":"<div class=\"wp-block-image\">\n<figure class=\"alignright size-large is-resized\"><img loading=\"lazy\" decoding=\"async\" width=\"680\" height=\"1024\" src=\"http:\/\/www.spiritual-research.eu\/wp-content\/uploads\/2020\/02\/Frank_Burdich-2-680x1024.jpg\" alt=\"\" class=\"wp-image-549\" style=\"width:234px;height:371px\" srcset=\"http:\/\/www.spiritual-research.eu\/wp-content\/uploads\/2020\/02\/Frank_Burdich-2-680x1024.jpg 680w, http:\/\/www.spiritual-research.eu\/wp-content\/uploads\/2020\/02\/Frank_Burdich-2-199x300.jpg 199w, http:\/\/www.spiritual-research.eu\/wp-content\/uploads\/2020\/02\/Frank_Burdich-2-768x1156.jpg 768w, http:\/\/www.spiritual-research.eu\/wp-content\/uploads\/2020\/02\/Frank_Burdich-2-1020x1536.jpg 1020w, http:\/\/www.spiritual-research.eu\/wp-content\/uploads\/2020\/02\/Frank_Burdich-2-1360x2048.jpg 1360w, http:\/\/www.spiritual-research.eu\/wp-content\/uploads\/2020\/02\/Frank_Burdich-2-scaled.jpg 1700w\" sizes=\"auto, (max-width: 680px) 100vw, 680px\" \/><\/figure><\/div>\n\n\n<p>geb.1967 in D\u00fclmen\/Westfalen,&nbsp;<\/p>\n\n\n\n<p>Studium der Chemie und Biologie f\u00fcr das Gymnasiallehramt in M\u00fcnster<br><\/p>\n\n\n\n<p>1992&nbsp; Kennenlernen der Anthroposophie und Beginn des anthroposophischen Erkenntnisweges<br><\/p>\n\n\n\n<p>1996 &#8211; 1997 Referendariat an einem Gymnasium in Bonn<br><\/p>\n\n\n\n<p>seit 1996 Mitglied der Anthroposophischen Gesellschaft<br><\/p>\n\n\n\n<p>1998 &#8211; 2011 Oberstufenlehrer f\u00fcr Chemie, Biologie und Informatik an der Waldorfschule in Krefeld&nbsp;<br><\/p>\n\n\n\n<p>seit 2006 Mitglied der Ersten Klasse der Freien Hochschule f\u00fcr Geisteswissenschaft<br><\/p>\n\n\n\n<p>seit 2007 Seminart\u00e4tigkeit zur&nbsp; \u00fcbersinnlichen Wahrnehmungsschulung&nbsp;&nbsp;<br><\/p>\n\n\n\n<p>seit 2011 hauptberufliche T\u00e4tigkeit als spiritueller Forscher&nbsp;&nbsp;<br><\/p>\n\n\n\n<p>2012 &#8211; 2019 Gesch\u00e4ftsf\u00fchrer der Gesellschaft f\u00fcr angewandte Geistesforschung mbH&nbsp;mit Sitz in Dipperz bei Fulda.<\/p>\n\n\n\n<p>2019 Mit Inessa Burdich Gr\u00fcndung und Leitung der Firma Angewandte Geistesforschung Burdich.<\/p>\n\n\n\n<p>2024 Im Privaten Trennung mit Inessa Burdich, doch weitere professionelle Zusammenarbeit<br><br><\/p>\n","protected":false},"excerpt":{"rendered":"<p>geb.1967 in D\u00fclmen\/Westfalen,&nbsp; Studium der Chemie und Biologie f\u00fcr das Gymnasiallehramt in M\u00fcnster 1992&nbsp; Kennenlernen der Anthroposophie und Beginn des anthroposophischen Erkenntnisweges 1996 &#8211; 1997 Referendariat an einem Gymnasium in Bonn seit 1996 Mitglied der Anthroposophischen Gesellschaft 1998 &#8211; 2011 &hellip; <a href=\"http:\/\/www.spiritual-research.eu\/ru\/frank-burdich\/\">Continue reading <span class=\"meta-nav\">&rarr;<\/span><\/a><\/p>\n","protected":false},"author":1,"featured_media":357,"parent":0,"menu_order":0,"comment_status":"closed","ping_status":"closed","template":"","meta":{"footnotes":""},"class_list":["post-175","page","type-page","status-publish","has-post-thumbnail","hentry"],"translation":{"provider":"WPGlobus","version":"3.0.2","language":"ru","enabled_languages":["de","en","ru"],"languages":{"de":{"title":true,"content":true,"excerpt":false},"en":{"title":true,"content":true,"excerpt":false},"ru":{"title":true,"content":false,"excerpt":false}}},"_links":{"self":[{"href":"http:\/\/www.spiritual-research.eu\/ru\/wp-json\/wp\/v2\/pages\/175","targetHints":{"allow":["GET"]}}],"collection":[{"href":"http:\/\/www.spiritual-research.eu\/ru\/wp-json\/wp\/v2\/pages"}],"about":[{"href":"http:\/\/www.spiritual-research.eu\/ru\/wp-json\/wp\/v2\/types\/page"}],"author":[{"embeddable":true,"href":"http:\/\/www.spiritual-research.eu\/ru\/wp-json\/wp\/v2\/users\/1"}],"replies":[{"embeddable":true,"href":"http:\/\/www.spiritual-research.eu\/ru\/wp-json\/wp\/v2\/comments?post=175"}],"version-history":[{"count":12,"href":"http:\/\/www.spiritual-research.eu\/ru\/wp-json\/wp\/v2\/pages\/175\/revisions"}],"predecessor-version":[{"id":1798,"href":"http:\/\/www.spiritual-research.eu\/ru\/wp-json\/wp\/v2\/pages\/175\/revisions\/1798"}],"wp:featuredmedia":[{"embeddable":true,"href":"http:\/\/www.spiritual-research.eu\/ru\/wp-json\/wp\/v2\/media\/357"}],"wp:attachment":[{"href":"http:\/\/www.spiritual-research.eu\/ru\/wp-json\/wp\/v2\/media?parent=175"}],"curies":[{"name":"wp","href":"https:\/\/api.w.org\/{rel}","templated":true}]}}