{"id":116,"date":"2019-02-18T13:33:45","date_gmt":"2019-02-18T12:33:45","guid":{"rendered":"http:\/\/www.spiritual-research.eu\/?page_id=116"},"modified":"2020-02-02T17:48:37","modified_gmt":"2020-02-02T16:48:37","slug":"seminar-vortraege","status":"publish","type":"page","link":"https:\/\/www.spiritual-research.eu\/ru\/seminar-vortraege\/","title":{"rendered":"\u0421\u0435\u043c\u0438\u043d\u0430\u0440\u044b\/\u041b\u0435\u043a\u0446\u0438\u0438"},"content":{"rendered":"\n<p class=\"has-medium-font-size\"><strong>Seminare<\/strong><\/p>\n\n\n\n<p>Seminare beruhen auf der Voraussetzung, dass die F\u00e4higkeit zur Wahrnehmung des \u00dcbersinnlichen von jedem Menschen durch einen eigenen Erkenntnisweg selber entwickelt werden kann. Dazu ist&nbsp;Unterst\u00fctzung in Form von Hilfen zur Orientierung und&nbsp;Systematisierung von Wahrgenommenem m\u00f6glich.&nbsp;<br><\/p>\n\n\n\n<p>Die Seminare k\u00f6nnen nicht das \u00fcbersinnliche Wahrnehmen lehren, dies ist Ergebnis eines eigenen, jeweils individuellen Weges. Wohl kann aber erfahren werden, welche Wahrnehmungsm\u00f6glichkeiten von \u00dcbersinnlichem zum jetzigen Zeitpunkt individuell bereits bestehen.&nbsp;<br><\/p>\n\n\n\n<p>Die Seminare werden haupts\u00e4chlich in Form von Wahrnehmungs\u00fcbungen in der Natur oder an Substanzen durchgef\u00fchrt, wobei die gewonnenen Erkenntnisse in den anthroposophischen Zusammenhang, insbesondere den des Erkenntnisweges eingebettet werden.<\/p>\n\n\n\n<p class=\"has-medium-font-size\"><strong>Vortr\u00e4ge<\/strong><\/p>\n\n\n\n<p>Erst in den letzten Jahren gehen Menschen in die \u00d6ffentlichkeit, die mittels des Erkenntnisweges Rudolf Steiners Zugang zu h\u00f6heren Welten erlangt haben.&nbsp;<br><\/p>\n\n\n\n<p>So ist das H\u00f6ren von Berichten vom eigenen Weg eines Forschenden, von den direkten \u00fcbersinnlichen Erkenntnissen und von deren wissenschaftlicher Anwendung ein ganz neues Element in den anthroposophischen Zusammenh\u00e4ngen.<br><\/p>\n\n\n\n<p>Vortr\u00e4ge k\u00f6nnen eher einen Schwerpunkt auf der \u00fcbersinnlichen Wahrnehmung in Bezug zum Erkenntnisweg oder in Bezug zu konkreten Forschungsthemen haben.   <\/p>\n\n\n\n<p>            <\/p>\n","protected":false},"excerpt":{"rendered":"<p>Seminare Seminare beruhen auf der Voraussetzung, dass die F\u00e4higkeit zur Wahrnehmung des \u00dcbersinnlichen von jedem Menschen durch einen eigenen Erkenntnisweg selber entwickelt werden kann. Dazu ist&nbsp;Unterst\u00fctzung in Form von Hilfen zur Orientierung und&nbsp;Systematisierung von Wahrgenommenem m\u00f6glich.&nbsp; Die Seminare k\u00f6nnen nicht &hellip; <a href=\"https:\/\/www.spiritual-research.eu\/ru\/seminar-vortraege\/\">Continue reading <span class=\"meta-nav\">&rarr;<\/span><\/a><\/p>\n","protected":false},"author":1,"featured_media":355,"parent":0,"menu_order":0,"comment_status":"closed","ping_status":"closed","template":"","meta":{"footnotes":""},"class_list":["post-116","page","type-page","status-publish","has-post-thumbnail","hentry"],"translation":{"provider":"WPGlobus","version":"3.0.2","language":"ru","enabled_languages":["de","en","ru"],"languages":{"de":{"title":true,"content":true,"excerpt":false},"en":{"title":true,"content":true,"excerpt":false},"ru":{"title":true,"content":false,"excerpt":false}}},"_links":{"self":[{"href":"https:\/\/www.spiritual-research.eu\/ru\/wp-json\/wp\/v2\/pages\/116","targetHints":{"allow":["GET"]}}],"collection":[{"href":"https:\/\/www.spiritual-research.eu\/ru\/wp-json\/wp\/v2\/pages"}],"about":[{"href":"https:\/\/www.spiritual-research.eu\/ru\/wp-json\/wp\/v2\/types\/page"}],"author":[{"embeddable":true,"href":"https:\/\/www.spiritual-research.eu\/ru\/wp-json\/wp\/v2\/users\/1"}],"replies":[{"embeddable":true,"href":"https:\/\/www.spiritual-research.eu\/ru\/wp-json\/wp\/v2\/comments?post=116"}],"version-history":[{"count":13,"href":"https:\/\/www.spiritual-research.eu\/ru\/wp-json\/wp\/v2\/pages\/116\/revisions"}],"predecessor-version":[{"id":520,"href":"https:\/\/www.spiritual-research.eu\/ru\/wp-json\/wp\/v2\/pages\/116\/revisions\/520"}],"wp:featuredmedia":[{"embeddable":true,"href":"https:\/\/www.spiritual-research.eu\/ru\/wp-json\/wp\/v2\/media\/355"}],"wp:attachment":[{"href":"https:\/\/www.spiritual-research.eu\/ru\/wp-json\/wp\/v2\/media?parent=116"}],"curies":[{"name":"wp","href":"https:\/\/api.w.org\/{rel}","templated":true}]}}