{"id":382,"date":"2019-10-14T12:15:47","date_gmt":"2019-10-14T10:15:47","guid":{"rendered":"http:\/\/bamberg.fm-worx.de\/?page_id=382"},"modified":"2024-02-18T13:20:55","modified_gmt":"2024-02-18T12:20:55","slug":"seminare-vortraege-frank-burdich","status":"publish","type":"page","link":"https:\/\/www.spiritual-research.eu\/ru\/seminare-vortraege-frank-burdich\/","title":{"rendered":"\u0422\u0435\u043c\u044b \u0424\u0440\u0430\u043d\u043a \u0411\u0443\u0440\u0434\u0438\u0445"},"content":{"rendered":"\n<p style=\"font-size:25px\"><strong>Vortr\u00e4ge und Seminare von Frank Burdich&nbsp;<\/strong><\/p>\n\n\n\n<p style=\"font-size:30px\"><strong>Vortr\u00e4ge:<\/strong><\/p>\n\n\n\n<p><strong>A) Der anthroposophische Erkenntnisweg und die \u00fcbersinnliche Wahrnehmung<\/strong><\/p>\n\n\n\n<p><em>Anthroposophie versteht sich als Wissenschaft \u2013 \u00fcbersinnliche Erkenntnis wird mittels einer klar beschreibbaren Methodik erlangt. F\u00e4higkeiten, die dazu notwendig sind, werden auf einem pers\u00f6nlichen, meditativen Weg gewonnen.<\/em><\/p>\n\n\n\n<p><em>Der Vortrag zeigt Zusammenh\u00e4nge des eigenen Entwicklungsweges mit der \u00fcbersinnlichen Wahrnehmung auf, stellt aber auch grundlegende M\u00f6glichkeiten der Wahrnehmung von \u00dcbersinnlichem vor, zu denen jeder voraussetzungslos in der Lage ist.<\/em><br><\/p>\n\n\n\n<p><strong>B) Die \u00fcbersinnliche Wahrnehmung und ihre Vorstufen<\/strong><\/p>\n\n\n\n<p><em>Die F\u00e4higkeit zur \u00fcbersinnlichen Wahrnehmung kann auf einem eigenen, pers\u00f6nlichen Erkenntnisweg erreicht werden. Die Menschen sind aber zu jedem Zeitpunkt viel n\u00e4her an der Wahrnehmung von \u00dcbersinnlichem, als sie es oft vermuten w\u00fcrden.<\/em><\/p>\n\n\n\n<p><em>Im Vortrag werden Zugangsm\u00f6glichkeiten zur Wahrnehmung von \u00dcbersinnlichem aufgezeigt und Bez\u00fcge zur aktuellen spirituellen Forschung hergestellt.<\/em><\/p>\n\n\n\n<p><em>Ankn\u00fcpfungspunkte der Zuh\u00f6rer k\u00f6nnen in einer ausf\u00fchrlichen Fragenbeantwortung aufgegriffen werden.<\/em><\/p>\n\n\n\n<p><strong>C) Zusammenarbeit mit Elementarwesen (bzw. Alternativtitel: \u201eNaturkr\u00e4fte wesenhaft begreifen\u201c)<\/strong><\/p>\n\n\n\n<p><em>Von Elementarwesen zu lesen mag zun\u00e4chst zu einem abstrakten Eindruck f\u00fchren. Im Vortrag soll ein grundlegendes Verst\u00e4ndnis des Zusammenhanges vermittelt und M\u00f6glichkeiten zur Wahrnehmung dieser Wesen dargestellt werden. Es soll anhand aktueller Beispiele aus der \u00fcbersinnlichen Forschung M\u00f6glichkeiten zur Zusammenarbeit mit diesen Wesen und somit einer beiderseitigen bewussten Weiterentwicklung aufgezeigt werden<\/em>.&nbsp;<\/p>\n\n\n\n<p><strong>D1) Menschen und Menschliches jenseits der Schwelle \u2013 Grundlegendes zur Wahrnehmung in der Sph\u00e4re des Nachtodlichen<\/strong><\/p>\n\n\n\n<p><em>Die Verstorbenen haben uns nicht verlassen. Sie sind weiterhin unsichtbar in unserer Welt anwesend und nehmen Bezug zu uns. Als Ergebnis einer konkreten \u00fcbersinnlichen Forschung wird im Vortrag grundlegend dargestellt, welche Erscheinungsformen die Verstorbenen in unserer Umgebung einnehmen und welche Wahrnehmungsm\u00f6glichkeiten sich f\u00fcr uns Lebende daraus ergeben.<\/em><\/p>\n\n\n\n<p><strong>D2) \u2013 als Kombinationsvortrag nach Vortrag D1 \u2013 Menschen und Menschliches jenseits der Schwelle  \u2013 aktuelle Bedrohungen des Menschen und ihre \u00dcberwindung<\/strong><\/p>\n\n\n\n<p><em>In den meisten F\u00e4llen ist ein ordnungsgem\u00e4\u00dfer Ablauf des nachtodlichen Geschehens zu beobachten.&nbsp; Zunehmend treten jedoch Gegebenheiten auf, die diesen Fortgang hemmen oder verhindern. Die Ursachen sind einerseits in Eigenschaften des Verstorbenen, andererseits in einer intentionalen Beeinflussung seitens bestimmter geistiger Wesen zu finden. Hier liegt eine mehr und mehr \u00fcbergreifende Bedrohung der Entwicklung des Menschen vor, der man bewusst begegnen sollte.<\/em><\/p>\n\n\n\n<p><strong>E) Gespenster, D\u00e4monen, schwarze Magie und das B\u00f6se aus der Sicht einer wissenschaftlichen Esoterik<\/strong><\/p>\n\n\n\n<p><em>Im Umgang mit Begriffen dieser Art mangelt es \u00fcblicherweise an Klarheit. Im Vortrag werden Ergebnisse aus der Sicht einer konkreten \u00fcbersinnlichen Forschung dargestellt. Wesenheiten, Vorg\u00e4nge und Intentionen werden bez\u00fcglich Vorkommen und Bezugsetzung auf den Menschen erl\u00e4utert.&nbsp; &nbsp;<\/em><\/p>\n\n\n\n<p><strong>F) Widersacher und Alliierte \u2013 wie sich geistige Wesen auf uns beziehen<\/strong><\/p>\n\n\n\n<p><em>Der Mensch wird von geistigen Wesen in verschiedenster Weise beeinflusst. Diese Einfl\u00fcsse k\u00f6nnen \u2013 je nach Art der Wesen \u2013 f\u00f6rdernd oder hemmend sein.&nbsp; Im Vortrag werden diese Intentionen aus konkreter \u00fcbersinnlicher Anschauung heraus erl\u00e4utert sowie deren Signaturen im Alltagsleben aufgezeigt.&nbsp;<\/em><\/p>\n\n\n\n<p><strong>G) \u00dcbersinnliche Wahrnehmung in der Forschung \u2013 Methodisches und Anwendungsgebiete<\/strong><\/p>\n\n\n\n<p><em>Anthroposophie versteht sich als Wissenschaft. Konkrete \u00fcbersinnliche Erkenntnisse werden durch eine klar beschreibbare Methodik erlangt, die f\u00fcr Forschungsfragen bez\u00fcglich des \u00dcbersinnlichen eingesetzt werden kann.<\/em><\/p>\n\n\n\n<p><em>Im Vortrag wird nach einer Darstellung der Forschungsmethoden von konkreten Forschungsergebnissen aus verschiedenen Bereichen, wie der Hom\u00f6opathie und Phytotherapie, der Fotovoltaik und des Mobilfunks und deren Wirkungen berichtet.<\/em><\/p>\n\n\n\n<p><strong>H) Der Einfluss technischer Ger\u00e4te auf die Welt der Menschen \u2013 der Einfluss von Menschen auf&nbsp;technische Ger\u00e4te \u2013 Ergebnisse aus der spirituellen Forschung<\/strong><\/p>\n\n\n\n<p><em>Alle Vorg\u00e4nge der physischen Welt sind aus dem \u00dcbersinnlichen heraus konstituiert. Es gibt einen intentionalen Bezug aus der geistigen Welt und ausf\u00fchrende Kr\u00e4fte auf der Ebene der Elementarwesen. Wir Menschen haben Anteil an diesen Ebenen und sind \u2013 bewusst oder unbewusst \u2013 in einer Wechselwirkung.<\/em><\/p>\n\n\n\n<p><em>Im Vortrag werden Hinweise gegeben, wie diese Zusammenh\u00e4nge bewusster ergriffen und gestaltet werden k\u00f6nnen. Es wird von verschiedenen Beispielen aus der konkreten \u00fcbersinnlichen Forschung berichtet, wobei ein Schwerpunkt auf die Wirkung des Mobilfunks gelegt wird.<\/em><\/p>\n\n\n\n<p><strong>I) Hom\u00f6opathie, potenzierte Heilmittel und \u00fcbersinnliche Wahrnehmung (bzw. Alternativtitel: \u201eDie geistige Konstitution der Materie \u2013 Ergebnisse aus der spirituellen Forschung\u201c)<\/strong><\/p>\n\n\n\n<p><em>Hom\u00f6opathische Medikamente sind wirksam, obwohl sie kein einziges Molek\u00fcl der urspr\u00fcnglichen Substanz enthalten m\u00fcssen. Aus dem Blickwinkel der \u00fcbersinnlichen Forschung wird die Wirkung der Dynamisierung und Potenzierung von Substanzen dargestellt. Die Hom\u00f6opathie ist grunds\u00e4tzlich mit der Frage der \u00fcbersinnlichen Konstitution von physischer Materie und ihrem Verh\u00e4ltnis zum Geistigen verbunden. Diese und ihr Bezug zum menschlichen Bewusstsein&nbsp;wird anhand konkreter Beispiele \u2013&nbsp;z.B. aus der biologisch dynamischen Pr\u00e4parateforschung \u2013&nbsp;erl\u00e4utert.<\/em><\/p>\n\n\n\n<p><strong>J) Arzneimittelwirkung aus \u00fcbersinnlicher Sicht<\/strong><\/p>\n\n\n\n<p><em>Allopathische (\u201echemische\u201c), hom\u00f6opathische und phytotherapeutische (\u201ePflanzenmedizin\u201c) Medikamente haben v\u00f6llig andere Wirkans\u00e4tze. Bei allopathischen Medikamenten wirken chemisch hergestellte Substanzen, bei Phytotherapeutika sind diese pflanzlichen Ursprungs und bei hom\u00f6opathischen Medikamenten ist eine Wirksamkeit festzustellen, obwohl diese kein einziges Molek\u00fcl der urspr\u00fcnglichen Substanz erhalten m\u00fcssen. Aus dem Blickwinkel der \u00fcbersinnlichen Forschung wird die Wirkungsweise dieser verschiedenen Arzneimitteltypen dargestellt. Die Frage der Arzneimittelwirkung ist eng mit der \u00fcbersinnlichen Konstitution von physischer Materie und ihr Bezug zum Geistigen verbunden. Diese wird anhand verschiedener konkreter Beispiele, z.B. der Misteltherapie, erl\u00e4utert.<\/em><\/p>\n\n\n\n<p><strong>K) Krebs und Krebstherapie aus spiritueller Sicht<\/strong><\/p>\n\n\n\n<p><em>Aus konkreter spiritueller Forschung heraus wird die \u00fcbersinnliche Signatur der Krankheit Krebs dargestellt und ihr Bezug zu biografischen Geschehnissen erl\u00e4utert. Im Hinblick auf die Darstellung m\u00f6glicher Therapieformen wird ein Schwerpunkt auf die Wirkung der Misteltherapie gelegt. \u00a0<\/em><\/p>\n\n\n\n<p><\/p>\n\n\n\n<p style=\"font-size:30px\"><strong>Seminare:<\/strong><\/p>\n\n\n\n<p><strong>A) \u00dcbersinnliche Naturwahrnehmung\u00a0(Bzw.: Methodik und Praxis der \u00fcbersinnlichen Wahrnehmung)<\/strong><\/p>\n\n\n\n<p>Die F\u00e4higkeit zur \u00fcbersinnlichen Wahrnehmung kann auf einem eigenen, pers\u00f6nlichen Erkenntnisweg erreicht werden. Die Menschen sind aber zu jedem Zeitpunkt viel n\u00e4her an der Wahrnehmung von \u00dcbersinnlichem, als sie es oft vermuten w\u00fcrden.<\/p>\n\n\n\n<p>Dieser Kurs will mit praktischen \u00dcbungen \u2013 vor allem in der Natur &#8211; die M\u00f6glichkeit zur Erprobung und Erweiterung der eigenen Sensibilit\u00e4t bez\u00fcglich des \u00dcbersinnlichen geben.<\/p>\n\n\n\n<p>Der Verlauf des Kurses orientiert sich an den F\u00e4higkeiten der Teilnehmer. Es wird Wert auf die Vermittlung einer klaren Wahrnehmungsmethodik gelegt und deren Bezug zum Anthroposophischen Erkenntnisweg aufgezeigt.<\/p>\n\n\n\n<p>Der Kurs ist zun\u00e4chst einmal voraussetzungslos und eignet sich sowohl f\u00fcr Menschen, die sich dem Thema der \u00fcbersinnlichen Wahrnehmung sachte ann\u00e4hern m\u00f6chten, als auch f\u00fcr Menschen, die bereits einen spirituellen Weg gehen und sich ihrer eigenen Wahrnehmung unsicher sind. Ziel des Kurses ist, die Teilnehmenden auf ihrem eigenen Weg zu best\u00e4rken und auch M\u00f6glichkeiten zum eigenen Weiterforschen zu geben.<\/p>\n\n\n\n<p><strong>B) Wahrnehmungsseminar: Technik und Mensch &#8211; Mensch und Technik<\/strong><\/p>\n\n\n\n<p>Wir sind von technischen Ger\u00e4ten aller Art umgeben. Diese Ger\u00e4te haben nicht nur einen sichtbaren, sondern auch einen \u00fcbersinnlichen Anteil. Wir Menschen haben ebenfalls Anteil an diesen \u00fcbersinnlichen Ebenen und sind somit &#8211; bewusst oder unbewusst &#8211; in einer Wechselwirkung.<\/p>\n\n\n\n<p>Im Seminar kann in Wahrnehmungs\u00fcbungen der Einfluss von verschiedenen technischen Ger\u00e4ten (WLAN, Mobilfunk, Photovoltaik, LED- und Energiesparlampen, usw.) erfahren werden.&nbsp;<\/p>\n\n\n\n<p>Es werden Hinweise gegeben, wie der Umgang mit technischen Ger\u00e4ten bewusster ergriffen und gestaltet werden kann.&nbsp;<\/p>\n\n\n\n<p><strong>C) Seminar: Menschen und Menschliches jenseits der Schwelle &#8211;<\/strong><\/p>\n\n\n\n<p><strong>Grundlegendes zur Wahrnehmung in der Sph\u00e4re des Nachtodlichen<\/strong><\/p>\n\n\n\n<p>Die Verstorbenen haben uns nicht verlassen. Sie sind weiterhin unsichtbar in unserer Welt anwesend und nehmen Bezug zu uns. Als Ergebnis einer konkreten \u00fcbersinnlichen Forschung wird grundlegend dargestellt, welche Erscheinungsformen die Verstorbenen in unserer Umgebung einnehmen und welche Wahrnehmungsm\u00f6glichkeiten sich f\u00fcr uns Lebende daraus ergeben. Einfache \u00dcbungen machen diese Wahrnehmungsm\u00f6glichkeiten erfahrbar.<\/p>\n\n\n\n<h2 class=\"wp-block-heading\">Seminare A und B k\u00f6nnen als Wochenendseminar oder als Tagesseminar (auch mit vorhergehendem Abend) durchgef\u00fchrt werden. Seminar C dauert etwa drei bis sechs Stunden.<\/h2>\n\n\n\n<p><\/p>\n","protected":false},"excerpt":{"rendered":"<p>Vortr\u00e4ge und Seminare von Frank Burdich&nbsp; Vortr\u00e4ge: A) Der anthroposophische Erkenntnisweg und die \u00fcbersinnliche Wahrnehmung Anthroposophie versteht sich als Wissenschaft \u2013 \u00fcbersinnliche Erkenntnis wird mittels einer klar beschreibbaren Methodik erlangt. F\u00e4higkeiten, die dazu notwendig sind, werden auf einem pers\u00f6nlichen, meditativen &hellip; <a href=\"https:\/\/www.spiritual-research.eu\/ru\/seminare-vortraege-frank-burdich\/\">Continue reading <span class=\"meta-nav\">&rarr;<\/span><\/a><\/p>\n","protected":false},"author":1,"featured_media":0,"parent":0,"menu_order":0,"comment_status":"closed","ping_status":"closed","template":"","meta":{"footnotes":""},"class_list":["post-382","page","type-page","status-publish","hentry"],"translation":{"provider":"WPGlobus","version":"3.0.2","language":"ru","enabled_languages":["de","en","ru"],"languages":{"de":{"title":true,"content":true,"excerpt":false},"en":{"title":true,"content":true,"excerpt":false},"ru":{"title":true,"content":false,"excerpt":false}}},"_links":{"self":[{"href":"https:\/\/www.spiritual-research.eu\/ru\/wp-json\/wp\/v2\/pages\/382","targetHints":{"allow":["GET"]}}],"collection":[{"href":"https:\/\/www.spiritual-research.eu\/ru\/wp-json\/wp\/v2\/pages"}],"about":[{"href":"https:\/\/www.spiritual-research.eu\/ru\/wp-json\/wp\/v2\/types\/page"}],"author":[{"embeddable":true,"href":"https:\/\/www.spiritual-research.eu\/ru\/wp-json\/wp\/v2\/users\/1"}],"replies":[{"embeddable":true,"href":"https:\/\/www.spiritual-research.eu\/ru\/wp-json\/wp\/v2\/comments?post=382"}],"version-history":[{"count":14,"href":"https:\/\/www.spiritual-research.eu\/ru\/wp-json\/wp\/v2\/pages\/382\/revisions"}],"predecessor-version":[{"id":1787,"href":"https:\/\/www.spiritual-research.eu\/ru\/wp-json\/wp\/v2\/pages\/382\/revisions\/1787"}],"wp:attachment":[{"href":"https:\/\/www.spiritual-research.eu\/ru\/wp-json\/wp\/v2\/media?parent=382"}],"curies":[{"name":"wp","href":"https:\/\/api.w.org\/{rel}","templated":true}]}}